{"id":1747,"date":"2020-01-07T09:23:36","date_gmt":"2020-01-07T02:23:36","guid":{"rendered":"https:\/\/vanphongao.vn\/?page_id=1747"},"modified":"2020-01-08T15:09:37","modified_gmt":"2020-01-08T08:09:37","slug":"cam-nang","status":"publish","type":"page","link":"https:\/\/vanphongao.vn\/en\/cam-nang","title":{"rendered":"Handbook"},"content":{"rendered":"<div data-elementor-type=\"wp-page\" data-elementor-id=\"1747\" class=\"elementor elementor-1747\" data-elementor-post-type=\"page\">\n\t\t\t\t\t\t<section class=\"elementor-section elementor-top-section elementor-element elementor-element-43cadef elementor-section-boxed elementor-section-height-default elementor-section-height-default\" data-id=\"43cadef\" data-element_type=\"section\" data-e-type=\"section\" data-settings=\"{&quot;jet_parallax_layout_list&quot;:[]}\">\n\t\t\t\t\t\t<div class=\"elementor-container elementor-column-gap-default\">\n\t\t\t\t\t<div class=\"elementor-column elementor-col-33 elementor-top-column elementor-element elementor-element-979bafb\" data-id=\"979bafb\" data-element_type=\"column\" data-e-type=\"column\">\n\t\t\t<div class=\"elementor-widget-wrap\">\n\t\t\t\t\t\t\t<\/div>\n\t\t<\/div>\n\t\t\t\t<div class=\"elementor-column elementor-col-33 elementor-top-column elementor-element elementor-element-210681e\" data-id=\"210681e\" data-element_type=\"column\" data-e-type=\"column\">\n\t\t\t<div class=\"elementor-widget-wrap\">\n\t\t\t\t\t\t\t<\/div>\n\t\t<\/div>\n\t\t\t\t<div class=\"elementor-column elementor-col-33 elementor-top-column elementor-element elementor-element-ecd272b\" data-id=\"ecd272b\" data-element_type=\"column\" data-e-type=\"column\">\n\t\t\t<div class=\"elementor-widget-wrap\">\n\t\t\t\t\t\t\t<\/div>\n\t\t<\/div>\n\t\t\t\t\t<\/div>\n\t\t<\/section>\n\t\t\t\t<\/div>","protected":false},"excerpt":{"rendered":"<p>T\u01af V\u1ea4N KINH DOANH L\u00e0m th\u1ebf n\u00e0o \u0111\u1ec3 kinh doanh t\u1ed1t?&#8211;\u00a0Kh\u1edfi s\u1ef1 kinh doanh.&#8211;\u00a0T\u01b0 duy s\u00e1ng t\u1ea1o.&#8211;\u00a0Ngu\u1ed3n nh\u00e2n l\u1ef1c.&#8211;\u00a0Quan h\u1ec7 qu\u1ea7n ch\u00fang. Xem th\u00eam K\u1ef8 N\u0102NG KINH DOANH Nh\u1eefng k\u1ef9 n\u0103ng kinh doanh l\u00e0 g\u00ec?&#8211;\u00a0K\u1ef9 n\u0103ng b\u00e1n h\u00e0ng.&#8211;\u00a0K\u1ef9 n\u0103ng qu\u1ea3n l\u00fd.&#8211;\u00a0L\u00e0m vi\u1ec7c nh\u00f3m. Xem th\u00eam CHI\u1ebeN L\u01af\u1ee2C KINH DOANH T\u1ea1o ra s\u1ef1 kh\u00e1c bi\u1ec7t trong [&hellip;]<\/p>\n","protected":false},"author":3,"featured_media":0,"parent":0,"menu_order":0,"comment_status":"closed","ping_status":"closed","template":"","meta":{"footnotes":""},"class_list":["post-1747","page","type-page","status-publish","hentry"],"yoast_head":"<!-- This site is optimized with the Yoast SEO plugin v27.5 - https:\/\/yoast.com\/product\/yoast-seo-wordpress\/ -->\n<title>C\u1ea9m nang &#8211; V\u0102N PH\u00d2NG \u1ea2O<\/title>\n<meta name=\"robots\" content=\"index, follow, max-snippet:-1, max-image-preview:large, max-video-preview:-1\" \/>\n<link rel=\"canonical\" href=\"https:\/\/vanphongao.vn\/en\/cam-nang\/\" \/>\n<meta property=\"og:locale\" content=\"en_US\" \/>\n<meta property=\"og:type\" content=\"article\" \/>\n<meta property=\"og:title\" content=\"C\u1ea9m nang &#8211; V\u0102N PH\u00d2NG \u1ea2O\" \/>\n<meta property=\"og:description\" content=\"T\u01af V\u1ea4N KINH DOANH L\u00e0m th\u1ebf n\u00e0o \u0111\u1ec3 kinh doanh t\u1ed1t?&#8211;\u00a0Kh\u1edfi s\u1ef1 kinh doanh.&#8211;\u00a0T\u01b0 duy s\u00e1ng t\u1ea1o.&#8211;\u00a0Ngu\u1ed3n nh\u00e2n l\u1ef1c.&#8211;\u00a0Quan h\u1ec7 qu\u1ea7n ch\u00fang. Xem th\u00eam K\u1ef8 N\u0102NG KINH DOANH Nh\u1eefng k\u1ef9 n\u0103ng kinh doanh l\u00e0 g\u00ec?&#8211;\u00a0K\u1ef9 n\u0103ng b\u00e1n h\u00e0ng.&#8211;\u00a0K\u1ef9 n\u0103ng qu\u1ea3n l\u00fd.&#8211;\u00a0L\u00e0m vi\u1ec7c nh\u00f3m. Xem th\u00eam CHI\u1ebeN L\u01af\u1ee2C KINH DOANH T\u1ea1o ra s\u1ef1 kh\u00e1c bi\u1ec7t trong [&hellip;]\" \/>\n<meta property=\"og:url\" content=\"https:\/\/vanphongao.vn\/en\/cam-nang\/\" \/>\n<meta property=\"og:site_name\" content=\"V\u0102N PH\u00d2NG \u1ea2O\" \/>\n<meta property=\"article:publisher\" content=\"https:\/\/www.facebook.com\/gofficevietnam\" \/>\n<meta property=\"article:modified_time\" content=\"2020-01-08T08:09:37+00:00\" \/>\n<meta property=\"og:image\" content=\"https:\/\/vanphongao.vn\/wp-content\/uploads\/2019\/12\/Hai-huoc-trong-tiep-thi-sau-van-de-nghiem-tuc-300x200.jpg\" \/>\n<meta name=\"twitter:card\" content=\"summary_large_image\" \/>\n<meta name=\"twitter:site\" content=\"@GOffice\" \/>\n<script type=\"application\/ld+json\" class=\"yoast-schema-graph\">{\"@context\":\"https:\\\/\\\/schema.org\",\"@graph\":[{\"@type\":\"WebPage\",\"@id\":\"https:\\\/\\\/vanphongao.vn\\\/cam-nang\",\"url\":\"https:\\\/\\\/vanphongao.vn\\\/cam-nang\",\"name\":\"C\u1ea9m nang &#8211; V\u0102N PH\u00d2NG \u1ea2O\",\"isPartOf\":{\"@id\":\"https:\\\/\\\/vanphongao.vn\\\/#website\"},\"primaryImageOfPage\":{\"@id\":\"https:\\\/\\\/vanphongao.vn\\\/cam-nang#primaryimage\"},\"image\":{\"@id\":\"https:\\\/\\\/vanphongao.vn\\\/cam-nang#primaryimage\"},\"thumbnailUrl\":\"https:\\\/\\\/vanphongao.vn\\\/wp-content\\\/uploads\\\/2019\\\/12\\\/Hai-huoc-trong-tiep-thi-sau-van-de-nghiem-tuc-300x200.jpg\",\"datePublished\":\"2020-01-07T02:23:36+00:00\",\"dateModified\":\"2020-01-08T08:09:37+00:00\",\"breadcrumb\":{\"@id\":\"https:\\\/\\\/vanphongao.vn\\\/cam-nang#breadcrumb\"},\"inLanguage\":\"en-US\",\"potentialAction\":[{\"@type\":\"ReadAction\",\"target\":[\"https:\\\/\\\/vanphongao.vn\\\/cam-nang\"]}]},{\"@type\":\"ImageObject\",\"inLanguage\":\"en-US\",\"@id\":\"https:\\\/\\\/vanphongao.vn\\\/cam-nang#primaryimage\",\"url\":\"https:\\\/\\\/vanphongao.vn\\\/wp-content\\\/uploads\\\/2019\\\/12\\\/Hai-huoc-trong-tiep-thi-sau-van-de-nghiem-tuc-300x200.jpg\",\"contentUrl\":\"https:\\\/\\\/vanphongao.vn\\\/wp-content\\\/uploads\\\/2019\\\/12\\\/Hai-huoc-trong-tiep-thi-sau-van-de-nghiem-tuc-300x200.jpg\"},{\"@type\":\"BreadcrumbList\",\"@id\":\"https:\\\/\\\/vanphongao.vn\\\/cam-nang#breadcrumb\",\"itemListElement\":[{\"@type\":\"ListItem\",\"position\":1,\"name\":\"Trang ch\u1ee7\",\"item\":\"https:\\\/\\\/vanphongao.vn\\\/\"},{\"@type\":\"ListItem\",\"position\":2,\"name\":\"C\u1ea9m nang\"}]},{\"@type\":\"WebSite\",\"@id\":\"https:\\\/\\\/vanphongao.vn\\\/#website\",\"url\":\"https:\\\/\\\/vanphongao.vn\\\/\",\"name\":\"G Office Cho thu\u00ea v\u0103n ph\u00f2ng \u1ea3o, v\u0103n ph\u00f2ng chia s\u1ebb, v\u0103n ph\u00f2ng tr\u1ecdn g\u00f3i\",\"description\":\"G Office - D\u1ecbch v\u1ee5 cho thu\u00ea v\u0103n ph\u00f2ng \u1ea3o h\u00e0ng \u0111\u1ea7u t\u1ea1i TP.HCM\",\"publisher\":{\"@id\":\"https:\\\/\\\/vanphongao.vn\\\/#organization\"},\"potentialAction\":[{\"@type\":\"SearchAction\",\"target\":{\"@type\":\"EntryPoint\",\"urlTemplate\":\"https:\\\/\\\/vanphongao.vn\\\/?s={search_term_string}\"},\"query-input\":{\"@type\":\"PropertyValueSpecification\",\"valueRequired\":true,\"valueName\":\"search_term_string\"}}],\"inLanguage\":\"en-US\"},{\"@type\":\"Organization\",\"@id\":\"https:\\\/\\\/vanphongao.vn\\\/#organization\",\"name\":\"G Office Cho thu\u00ea v\u0103n ph\u00f2ng \u1ea3o, v\u0103n ph\u00f2ng chia s\u1ebb, v\u0103n ph\u00f2ng tr\u1ecdn g\u00f3i\",\"url\":\"https:\\\/\\\/vanphongao.vn\\\/\",\"logo\":{\"@type\":\"ImageObject\",\"inLanguage\":\"en-US\",\"@id\":\"https:\\\/\\\/vanphongao.vn\\\/#\\\/schema\\\/logo\\\/image\\\/\",\"url\":\"https:\\\/\\\/vanphongao.vn\\\/wp-content\\\/uploads\\\/2025\\\/12\\\/Web-logo.webp\",\"contentUrl\":\"https:\\\/\\\/vanphongao.vn\\\/wp-content\\\/uploads\\\/2025\\\/12\\\/Web-logo.webp\",\"width\":232,\"height\":67,\"caption\":\"G Office Cho thu\u00ea v\u0103n ph\u00f2ng \u1ea3o, v\u0103n ph\u00f2ng chia s\u1ebb, v\u0103n ph\u00f2ng tr\u1ecdn g\u00f3i\"},\"image\":{\"@id\":\"https:\\\/\\\/vanphongao.vn\\\/#\\\/schema\\\/logo\\\/image\\\/\"},\"sameAs\":[\"https:\\\/\\\/www.facebook.com\\\/gofficevietnam\",\"https:\\\/\\\/x.com\\\/GOffice\",\"https:\\\/\\\/www.youtube.com\\\/@vanphongchiase\"]}]}<\/script>\n<!-- \/ Yoast SEO plugin. -->","yoast_head_json":{"title":"C\u1ea9m nang &#8211; V\u0102N PH\u00d2NG \u1ea2O","robots":{"index":"index","follow":"follow","max-snippet":"max-snippet:-1","max-image-preview":"max-image-preview:large","max-video-preview":"max-video-preview:-1"},"canonical":"https:\/\/vanphongao.vn\/en\/cam-nang\/","og_locale":"en_US","og_type":"article","og_title":"C\u1ea9m nang &#8211; V\u0102N PH\u00d2NG \u1ea2O","og_description":"T\u01af V\u1ea4N KINH DOANH L\u00e0m th\u1ebf n\u00e0o \u0111\u1ec3 kinh doanh t\u1ed1t?&#8211;\u00a0Kh\u1edfi s\u1ef1 kinh doanh.&#8211;\u00a0T\u01b0 duy s\u00e1ng t\u1ea1o.&#8211;\u00a0Ngu\u1ed3n nh\u00e2n l\u1ef1c.&#8211;\u00a0Quan h\u1ec7 qu\u1ea7n ch\u00fang. Xem th\u00eam K\u1ef8 N\u0102NG KINH DOANH Nh\u1eefng k\u1ef9 n\u0103ng kinh doanh l\u00e0 g\u00ec?&#8211;\u00a0K\u1ef9 n\u0103ng b\u00e1n h\u00e0ng.&#8211;\u00a0K\u1ef9 n\u0103ng qu\u1ea3n l\u00fd.&#8211;\u00a0L\u00e0m vi\u1ec7c nh\u00f3m. Xem th\u00eam CHI\u1ebeN L\u01af\u1ee2C KINH DOANH T\u1ea1o ra s\u1ef1 kh\u00e1c bi\u1ec7t trong [&hellip;]","og_url":"https:\/\/vanphongao.vn\/en\/cam-nang\/","og_site_name":"V\u0102N PH\u00d2NG \u1ea2O","article_publisher":"https:\/\/www.facebook.com\/gofficevietnam","article_modified_time":"2020-01-08T08:09:37+00:00","og_image":[{"url":"https:\/\/vanphongao.vn\/wp-content\/uploads\/2019\/12\/Hai-huoc-trong-tiep-thi-sau-van-de-nghiem-tuc-300x200.jpg","type":"","width":"","height":""}],"twitter_card":"summary_large_image","twitter_site":"@GOffice","schema":{"@context":"https:\/\/schema.org","@graph":[{"@type":"WebPage","@id":"https:\/\/vanphongao.vn\/cam-nang","url":"https:\/\/vanphongao.vn\/cam-nang","name":"C\u1ea9m nang &#8211; V\u0102N PH\u00d2NG \u1ea2O","isPartOf":{"@id":"https:\/\/vanphongao.vn\/#website"},"primaryImageOfPage":{"@id":"https:\/\/vanphongao.vn\/cam-nang#primaryimage"},"image":{"@id":"https:\/\/vanphongao.vn\/cam-nang#primaryimage"},"thumbnailUrl":"https:\/\/vanphongao.vn\/wp-content\/uploads\/2019\/12\/Hai-huoc-trong-tiep-thi-sau-van-de-nghiem-tuc-300x200.jpg","datePublished":"2020-01-07T02:23:36+00:00","dateModified":"2020-01-08T08:09:37+00:00","breadcrumb":{"@id":"https:\/\/vanphongao.vn\/cam-nang#breadcrumb"},"inLanguage":"en-US","potentialAction":[{"@type":"ReadAction","target":["https:\/\/vanphongao.vn\/cam-nang"]}]},{"@type":"ImageObject","inLanguage":"en-US","@id":"https:\/\/vanphongao.vn\/cam-nang#primaryimage","url":"https:\/\/vanphongao.vn\/wp-content\/uploads\/2019\/12\/Hai-huoc-trong-tiep-thi-sau-van-de-nghiem-tuc-300x200.jpg","contentUrl":"https:\/\/vanphongao.vn\/wp-content\/uploads\/2019\/12\/Hai-huoc-trong-tiep-thi-sau-van-de-nghiem-tuc-300x200.jpg"},{"@type":"BreadcrumbList","@id":"https:\/\/vanphongao.vn\/cam-nang#breadcrumb","itemListElement":[{"@type":"ListItem","position":1,"name":"Trang ch\u1ee7","item":"https:\/\/vanphongao.vn\/"},{"@type":"ListItem","position":2,"name":"C\u1ea9m nang"}]},{"@type":"WebSite","@id":"https:\/\/vanphongao.vn\/#website","url":"https:\/\/vanphongao.vn\/","name":"G Office Cho thu\u00ea v\u0103n ph\u00f2ng \u1ea3o, v\u0103n ph\u00f2ng chia s\u1ebb, v\u0103n ph\u00f2ng tr\u1ecdn g\u00f3i","description":"G Office - Leading virtual office rental service in Ho Chi Minh City","publisher":{"@id":"https:\/\/vanphongao.vn\/#organization"},"potentialAction":[{"@type":"SearchAction","target":{"@type":"EntryPoint","urlTemplate":"https:\/\/vanphongao.vn\/?s={search_term_string}"},"query-input":{"@type":"PropertyValueSpecification","valueRequired":true,"valueName":"search_term_string"}}],"inLanguage":"en-US"},{"@type":"Organization","@id":"https:\/\/vanphongao.vn\/#organization","name":"G Office Cho thu\u00ea v\u0103n ph\u00f2ng \u1ea3o, v\u0103n ph\u00f2ng chia s\u1ebb, v\u0103n ph\u00f2ng tr\u1ecdn g\u00f3i","url":"https:\/\/vanphongao.vn\/","logo":{"@type":"ImageObject","inLanguage":"en-US","@id":"https:\/\/vanphongao.vn\/#\/schema\/logo\/image\/","url":"https:\/\/vanphongao.vn\/wp-content\/uploads\/2025\/12\/Web-logo.webp","contentUrl":"https:\/\/vanphongao.vn\/wp-content\/uploads\/2025\/12\/Web-logo.webp","width":232,"height":67,"caption":"G Office Cho thu\u00ea v\u0103n ph\u00f2ng \u1ea3o, v\u0103n ph\u00f2ng chia s\u1ebb, v\u0103n ph\u00f2ng tr\u1ecdn g\u00f3i"},"image":{"@id":"https:\/\/vanphongao.vn\/#\/schema\/logo\/image\/"},"sameAs":["https:\/\/www.facebook.com\/gofficevietnam","https:\/\/x.com\/GOffice","https:\/\/www.youtube.com\/@vanphongchiase"]}]}},"_links":{"self":[{"href":"https:\/\/vanphongao.vn\/en\/wp-json\/wp\/v2\/pages\/1747","targetHints":{"allow":["GET"]}}],"collection":[{"href":"https:\/\/vanphongao.vn\/en\/wp-json\/wp\/v2\/pages"}],"about":[{"href":"https:\/\/vanphongao.vn\/en\/wp-json\/wp\/v2\/types\/page"}],"author":[{"embeddable":true,"href":"https:\/\/vanphongao.vn\/en\/wp-json\/wp\/v2\/users\/3"}],"replies":[{"embeddable":true,"href":"https:\/\/vanphongao.vn\/en\/wp-json\/wp\/v2\/comments?post=1747"}],"version-history":[{"count":0,"href":"https:\/\/vanphongao.vn\/en\/wp-json\/wp\/v2\/pages\/1747\/revisions"}],"wp:attachment":[{"href":"https:\/\/vanphongao.vn\/en\/wp-json\/wp\/v2\/media?parent=1747"}],"curies":[{"name":"wp","href":"https:\/\/api.w.org\/{rel}","templated":true}]}}