{"id":1530,"date":"2019-12-25T14:42:12","date_gmt":"2019-12-25T07:42:12","guid":{"rendered":"https:\/\/vanphongao.vn\/?page_id=1530"},"modified":"2020-01-13T08:57:26","modified_gmt":"2020-01-13T01:57:26","slug":"dang-ky-dia-chi-kinh-doanh-ngay-tai-trung-tam-tphcm","status":"publish","type":"page","link":"https:\/\/vanphongao.vn\/en\/dang-ky-dia-chi-kinh-doanh-ngay-tai-trung-tam-tphcm","title":{"rendered":"REGISTER A BUSINESS ADDRESS RIGHT IN THE CENTER OF HO CHI MINH CITY"},"content":{"rendered":"","protected":false},"excerpt":{"rendered":"","protected":false},"author":3,"featured_media":1531,"parent":0,"menu_order":0,"comment_status":"closed","ping_status":"closed","template":"","meta":{"footnotes":""},"class_list":["post-1530","page","type-page","status-publish","has-post-thumbnail","hentry"],"yoast_head":"<!-- This site is optimized with the Yoast SEO plugin v27.5 - https:\/\/yoast.com\/product\/yoast-seo-wordpress\/ -->\n<title>\u0110\u0102NG K\u00dd \u0110\u1ecaA CH\u1ec8 KINH DOANH NGAY T\u1ea0I TRUNG T\u00c2M TP.HCM &#8211; V\u0102N PH\u00d2NG \u1ea2O<\/title>\n<meta name=\"robots\" content=\"index, follow, max-snippet:-1, max-image-preview:large, max-video-preview:-1\" \/>\n<link rel=\"canonical\" href=\"https:\/\/vanphongao.vn\/en\/dang-ky-dia-chi-kinh-doanh-ngay-tai-trung-tam-tphcm\/\" \/>\n<meta property=\"og:locale\" content=\"en_US\" \/>\n<meta property=\"og:type\" content=\"article\" \/>\n<meta property=\"og:title\" content=\"\u0110\u0102NG K\u00dd \u0110\u1ecaA CH\u1ec8 KINH DOANH NGAY T\u1ea0I TRUNG T\u00c2M TP.HCM &#8211; V\u0102N PH\u00d2NG \u1ea2O\" \/>\n<meta property=\"og:url\" content=\"https:\/\/vanphongao.vn\/en\/dang-ky-dia-chi-kinh-doanh-ngay-tai-trung-tam-tphcm\/\" \/>\n<meta property=\"og:site_name\" content=\"V\u0102N PH\u00d2NG \u1ea2O\" \/>\n<meta property=\"article:publisher\" content=\"https:\/\/www.facebook.com\/gofficevietnam\" \/>\n<meta property=\"article:modified_time\" content=\"2020-01-13T01:57:26+00:00\" \/>\n<meta property=\"og:image\" content=\"https:\/\/vanphongao.vn\/wp-content\/uploads\/2019\/12\/City.jpg\" \/>\n\t<meta property=\"og:image:width\" content=\"1140\" \/>\n\t<meta property=\"og:image:height\" content=\"220\" \/>\n\t<meta property=\"og:image:type\" content=\"image\/jpeg\" \/>\n<meta name=\"twitter:card\" content=\"summary_large_image\" \/>\n<meta name=\"twitter:site\" content=\"@GOffice\" \/>\n<script type=\"application\/ld+json\" class=\"yoast-schema-graph\">{\"@context\":\"https:\\\/\\\/schema.org\",\"@graph\":[{\"@type\":\"WebPage\",\"@id\":\"https:\\\/\\\/vanphongao.vn\\\/dang-ky-dia-chi-kinh-doanh-ngay-tai-trung-tam-tphcm\",\"url\":\"https:\\\/\\\/vanphongao.vn\\\/dang-ky-dia-chi-kinh-doanh-ngay-tai-trung-tam-tphcm\",\"name\":\"\u0110\u0102NG K\u00dd \u0110\u1ecaA CH\u1ec8 KINH DOANH NGAY T\u1ea0I TRUNG T\u00c2M TP.HCM &#8211; V\u0102N PH\u00d2NG \u1ea2O\",\"isPartOf\":{\"@id\":\"https:\\\/\\\/vanphongao.vn\\\/#website\"},\"primaryImageOfPage\":{\"@id\":\"https:\\\/\\\/vanphongao.vn\\\/dang-ky-dia-chi-kinh-doanh-ngay-tai-trung-tam-tphcm#primaryimage\"},\"image\":{\"@id\":\"https:\\\/\\\/vanphongao.vn\\\/dang-ky-dia-chi-kinh-doanh-ngay-tai-trung-tam-tphcm#primaryimage\"},\"thumbnailUrl\":\"https:\\\/\\\/vanphongao.vn\\\/wp-content\\\/uploads\\\/2019\\\/12\\\/City.jpg\",\"datePublished\":\"2019-12-25T07:42:12+00:00\",\"dateModified\":\"2020-01-13T01:57:26+00:00\",\"breadcrumb\":{\"@id\":\"https:\\\/\\\/vanphongao.vn\\\/dang-ky-dia-chi-kinh-doanh-ngay-tai-trung-tam-tphcm#breadcrumb\"},\"inLanguage\":\"en-US\",\"potentialAction\":[{\"@type\":\"ReadAction\",\"target\":[\"https:\\\/\\\/vanphongao.vn\\\/dang-ky-dia-chi-kinh-doanh-ngay-tai-trung-tam-tphcm\"]}]},{\"@type\":\"ImageObject\",\"inLanguage\":\"en-US\",\"@id\":\"https:\\\/\\\/vanphongao.vn\\\/dang-ky-dia-chi-kinh-doanh-ngay-tai-trung-tam-tphcm#primaryimage\",\"url\":\"https:\\\/\\\/vanphongao.vn\\\/wp-content\\\/uploads\\\/2019\\\/12\\\/City.jpg\",\"contentUrl\":\"https:\\\/\\\/vanphongao.vn\\\/wp-content\\\/uploads\\\/2019\\\/12\\\/City.jpg\",\"width\":1140,\"height\":220},{\"@type\":\"BreadcrumbList\",\"@id\":\"https:\\\/\\\/vanphongao.vn\\\/dang-ky-dia-chi-kinh-doanh-ngay-tai-trung-tam-tphcm#breadcrumb\",\"itemListElement\":[{\"@type\":\"ListItem\",\"position\":1,\"name\":\"Trang ch\u1ee7\",\"item\":\"https:\\\/\\\/vanphongao.vn\\\/\"},{\"@type\":\"ListItem\",\"position\":2,\"name\":\"\u0110\u0102NG K\u00dd \u0110\u1ecaA CH\u1ec8 KINH DOANH NGAY T\u1ea0I TRUNG T\u00c2M TP.HCM\"}]},{\"@type\":\"WebSite\",\"@id\":\"https:\\\/\\\/vanphongao.vn\\\/#website\",\"url\":\"https:\\\/\\\/vanphongao.vn\\\/\",\"name\":\"G Office Cho thu\u00ea v\u0103n ph\u00f2ng \u1ea3o, v\u0103n ph\u00f2ng chia s\u1ebb, v\u0103n ph\u00f2ng tr\u1ecdn g\u00f3i\",\"description\":\"G Office - D\u1ecbch v\u1ee5 cho thu\u00ea v\u0103n ph\u00f2ng \u1ea3o h\u00e0ng \u0111\u1ea7u t\u1ea1i TP.HCM\",\"publisher\":{\"@id\":\"https:\\\/\\\/vanphongao.vn\\\/#organization\"},\"potentialAction\":[{\"@type\":\"SearchAction\",\"target\":{\"@type\":\"EntryPoint\",\"urlTemplate\":\"https:\\\/\\\/vanphongao.vn\\\/?s={search_term_string}\"},\"query-input\":{\"@type\":\"PropertyValueSpecification\",\"valueRequired\":true,\"valueName\":\"search_term_string\"}}],\"inLanguage\":\"en-US\"},{\"@type\":\"Organization\",\"@id\":\"https:\\\/\\\/vanphongao.vn\\\/#organization\",\"name\":\"G Office Cho thu\u00ea v\u0103n ph\u00f2ng \u1ea3o, v\u0103n ph\u00f2ng chia s\u1ebb, v\u0103n ph\u00f2ng tr\u1ecdn g\u00f3i\",\"url\":\"https:\\\/\\\/vanphongao.vn\\\/\",\"logo\":{\"@type\":\"ImageObject\",\"inLanguage\":\"en-US\",\"@id\":\"https:\\\/\\\/vanphongao.vn\\\/#\\\/schema\\\/logo\\\/image\\\/\",\"url\":\"https:\\\/\\\/vanphongao.vn\\\/wp-content\\\/uploads\\\/2025\\\/12\\\/Web-logo.webp\",\"contentUrl\":\"https:\\\/\\\/vanphongao.vn\\\/wp-content\\\/uploads\\\/2025\\\/12\\\/Web-logo.webp\",\"width\":232,\"height\":67,\"caption\":\"G Office Cho thu\u00ea v\u0103n ph\u00f2ng \u1ea3o, v\u0103n ph\u00f2ng chia s\u1ebb, v\u0103n ph\u00f2ng tr\u1ecdn g\u00f3i\"},\"image\":{\"@id\":\"https:\\\/\\\/vanphongao.vn\\\/#\\\/schema\\\/logo\\\/image\\\/\"},\"sameAs\":[\"https:\\\/\\\/www.facebook.com\\\/gofficevietnam\",\"https:\\\/\\\/x.com\\\/GOffice\",\"https:\\\/\\\/www.youtube.com\\\/@vanphongchiase\"]}]}<\/script>\n<!-- \/ Yoast SEO plugin. -->","yoast_head_json":{"title":"\u0110\u0102NG K\u00dd \u0110\u1ecaA CH\u1ec8 KINH DOANH NGAY T\u1ea0I TRUNG T\u00c2M TP.HCM &#8211; V\u0102N PH\u00d2NG \u1ea2O","robots":{"index":"index","follow":"follow","max-snippet":"max-snippet:-1","max-image-preview":"max-image-preview:large","max-video-preview":"max-video-preview:-1"},"canonical":"https:\/\/vanphongao.vn\/en\/dang-ky-dia-chi-kinh-doanh-ngay-tai-trung-tam-tphcm\/","og_locale":"en_US","og_type":"article","og_title":"\u0110\u0102NG K\u00dd \u0110\u1ecaA CH\u1ec8 KINH DOANH NGAY T\u1ea0I TRUNG T\u00c2M TP.HCM &#8211; V\u0102N PH\u00d2NG \u1ea2O","og_url":"https:\/\/vanphongao.vn\/en\/dang-ky-dia-chi-kinh-doanh-ngay-tai-trung-tam-tphcm\/","og_site_name":"V\u0102N PH\u00d2NG \u1ea2O","article_publisher":"https:\/\/www.facebook.com\/gofficevietnam","article_modified_time":"2020-01-13T01:57:26+00:00","og_image":[{"width":1140,"height":220,"url":"https:\/\/vanphongao.vn\/wp-content\/uploads\/2019\/12\/City.jpg","type":"image\/jpeg"}],"twitter_card":"summary_large_image","twitter_site":"@GOffice","schema":{"@context":"https:\/\/schema.org","@graph":[{"@type":"WebPage","@id":"https:\/\/vanphongao.vn\/dang-ky-dia-chi-kinh-doanh-ngay-tai-trung-tam-tphcm","url":"https:\/\/vanphongao.vn\/dang-ky-dia-chi-kinh-doanh-ngay-tai-trung-tam-tphcm","name":"\u0110\u0102NG K\u00dd \u0110\u1ecaA CH\u1ec8 KINH DOANH NGAY T\u1ea0I TRUNG T\u00c2M TP.HCM &#8211; V\u0102N PH\u00d2NG \u1ea2O","isPartOf":{"@id":"https:\/\/vanphongao.vn\/#website"},"primaryImageOfPage":{"@id":"https:\/\/vanphongao.vn\/dang-ky-dia-chi-kinh-doanh-ngay-tai-trung-tam-tphcm#primaryimage"},"image":{"@id":"https:\/\/vanphongao.vn\/dang-ky-dia-chi-kinh-doanh-ngay-tai-trung-tam-tphcm#primaryimage"},"thumbnailUrl":"https:\/\/vanphongao.vn\/wp-content\/uploads\/2019\/12\/City.jpg","datePublished":"2019-12-25T07:42:12+00:00","dateModified":"2020-01-13T01:57:26+00:00","breadcrumb":{"@id":"https:\/\/vanphongao.vn\/dang-ky-dia-chi-kinh-doanh-ngay-tai-trung-tam-tphcm#breadcrumb"},"inLanguage":"en-US","potentialAction":[{"@type":"ReadAction","target":["https:\/\/vanphongao.vn\/dang-ky-dia-chi-kinh-doanh-ngay-tai-trung-tam-tphcm"]}]},{"@type":"ImageObject","inLanguage":"en-US","@id":"https:\/\/vanphongao.vn\/dang-ky-dia-chi-kinh-doanh-ngay-tai-trung-tam-tphcm#primaryimage","url":"https:\/\/vanphongao.vn\/wp-content\/uploads\/2019\/12\/City.jpg","contentUrl":"https:\/\/vanphongao.vn\/wp-content\/uploads\/2019\/12\/City.jpg","width":1140,"height":220},{"@type":"BreadcrumbList","@id":"https:\/\/vanphongao.vn\/dang-ky-dia-chi-kinh-doanh-ngay-tai-trung-tam-tphcm#breadcrumb","itemListElement":[{"@type":"ListItem","position":1,"name":"Trang ch\u1ee7","item":"https:\/\/vanphongao.vn\/"},{"@type":"ListItem","position":2,"name":"\u0110\u0102NG K\u00dd \u0110\u1ecaA CH\u1ec8 KINH DOANH NGAY T\u1ea0I TRUNG T\u00c2M TP.HCM"}]},{"@type":"WebSite","@id":"https:\/\/vanphongao.vn\/#website","url":"https:\/\/vanphongao.vn\/","name":"G Office Cho thu\u00ea v\u0103n ph\u00f2ng \u1ea3o, v\u0103n ph\u00f2ng chia s\u1ebb, v\u0103n ph\u00f2ng tr\u1ecdn g\u00f3i","description":"G Office - Leading virtual office rental service in Ho Chi Minh City","publisher":{"@id":"https:\/\/vanphongao.vn\/#organization"},"potentialAction":[{"@type":"SearchAction","target":{"@type":"EntryPoint","urlTemplate":"https:\/\/vanphongao.vn\/?s={search_term_string}"},"query-input":{"@type":"PropertyValueSpecification","valueRequired":true,"valueName":"search_term_string"}}],"inLanguage":"en-US"},{"@type":"Organization","@id":"https:\/\/vanphongao.vn\/#organization","name":"G Office Cho thu\u00ea v\u0103n ph\u00f2ng \u1ea3o, v\u0103n ph\u00f2ng chia s\u1ebb, v\u0103n ph\u00f2ng tr\u1ecdn g\u00f3i","url":"https:\/\/vanphongao.vn\/","logo":{"@type":"ImageObject","inLanguage":"en-US","@id":"https:\/\/vanphongao.vn\/#\/schema\/logo\/image\/","url":"https:\/\/vanphongao.vn\/wp-content\/uploads\/2025\/12\/Web-logo.webp","contentUrl":"https:\/\/vanphongao.vn\/wp-content\/uploads\/2025\/12\/Web-logo.webp","width":232,"height":67,"caption":"G Office Cho thu\u00ea v\u0103n ph\u00f2ng \u1ea3o, v\u0103n ph\u00f2ng chia s\u1ebb, v\u0103n ph\u00f2ng tr\u1ecdn g\u00f3i"},"image":{"@id":"https:\/\/vanphongao.vn\/#\/schema\/logo\/image\/"},"sameAs":["https:\/\/www.facebook.com\/gofficevietnam","https:\/\/x.com\/GOffice","https:\/\/www.youtube.com\/@vanphongchiase"]}]}},"_links":{"self":[{"href":"https:\/\/vanphongao.vn\/en\/wp-json\/wp\/v2\/pages\/1530","targetHints":{"allow":["GET"]}}],"collection":[{"href":"https:\/\/vanphongao.vn\/en\/wp-json\/wp\/v2\/pages"}],"about":[{"href":"https:\/\/vanphongao.vn\/en\/wp-json\/wp\/v2\/types\/page"}],"author":[{"embeddable":true,"href":"https:\/\/vanphongao.vn\/en\/wp-json\/wp\/v2\/users\/3"}],"replies":[{"embeddable":true,"href":"https:\/\/vanphongao.vn\/en\/wp-json\/wp\/v2\/comments?post=1530"}],"version-history":[{"count":0,"href":"https:\/\/vanphongao.vn\/en\/wp-json\/wp\/v2\/pages\/1530\/revisions"}],"wp:featuredmedia":[{"embeddable":true,"href":"https:\/\/vanphongao.vn\/en\/wp-json\/wp\/v2\/media\/1531"}],"wp:attachment":[{"href":"https:\/\/vanphongao.vn\/en\/wp-json\/wp\/v2\/media?parent=1530"}],"curies":[{"name":"wp","href":"https:\/\/api.w.org\/{rel}","templated":true}]}}